{"id":2449,"date":"2023-12-21T18:15:57","date_gmt":"2023-12-21T18:15:57","guid":{"rendered":"https:\/\/madamedao.de\/?page_id=2449"},"modified":"2023-12-21T18:15:57","modified_gmt":"2023-12-21T18:15:57","slug":"datenschutz-erklaerung","status":"publish","type":"page","link":"https:\/\/madamedao.de\/?page_id=2449","title":{"rendered":"Datenschutz Erkl\u00e4rung"},"content":{"rendered":"\n<p>Diese Allgemeinen Gesch\u00e4ftsbedingungen gelten f\u00fcr Online-Bestellungen von:<\/p>\n\n\n\n<p>Madame Dao Restaurant<\/p>\n\n\n\n<p>Madame Dao Restaurant<\/p>\n\n\n\n<p>Inhaber: Nguyen Thi Bich Dao<\/p>\n\n\n\n<p>Adresse: Hansastra\u00dfe 42,<\/p>\n\n\n\n<p>14612 Falkensee<\/p>\n\n\n\n<p>\u00d6ffentliches Telefon: +49 3322127384<\/p>\n\n\n\n<p>Men\u00fcw\u00e4hrung: EUR<\/p>\n\n\n\n<p>(im Folgenden als \u201eRestaurant\u201c oder \u201eWir\u201c oder \u201eUns\u201c bezeichnet)<br>Diese Allgemeinen Gesch\u00e4ftsbedingungen gelten f\u00fcr Sie als Kunde f\u00fcr Online-Bestellungen (im Folgenden als \u201eSie\u201c oder \u201eBenutzer\u201c oder \u201eKunde\u201c bezeichnet)<\/p>\n\n\n\n<p>BITTE LESEN SIE DIESE GESCH\u00c4FTSBEDINGUNGEN SORGF\u00c4LTIG DURCH. WENN SIE NICHT AN DIESE GESCH\u00c4FTSBEDINGUNGEN GEBUNDEN WOLLEN, SOLLTEN SIE NICHT AUF DIE ONLINE-BESTELLUNG ZUGREIFEN UND \/ ODER SIE BENUTZEN (DES WEITEREN \u201eONLINE-BESTELL-APP\u201c). DER ZUGRIFF AUF UND\/ODER DIE NUTZUNG DER OLNINE BESTELLUNG GILT ALS AKZEPTIERUNG DIESER BEDINGUNGEN.<\/p>\n\n\n\n<p>Vorbehaltlich der geltenden gesetzlichen Bestimmungen k\u00f6nnen wir nach eigenem Ermessen von Zeit zu Zeit die Nutzungsbedingungen \u00e4ndern oder anderweitig modifizieren. Wir empfehlen Ihnen, bei jeder Online-Bestellung die Allgemeinen Gesch\u00e4ftsbedingungen sorgf\u00e4ltig zu lesen, da diese Ihre Rechte beeinflussen k\u00f6nnen.<\/p>\n\n\n\n<p>Diese Allgemeinen Gesch\u00e4ftsbedingungen beschreiben die allgemeinen Online-Bestellbedingungen zwischen uns und Ihnen sowie verschiedene Rechte und Pflichten der Parteien.<\/p>\n\n\n\n<p>Aus Gr\u00fcnden der Klarheit wird klargemacht, dass diese Allgemeinen Gesch\u00e4ftsbedingungen (auch) f\u00fcr Online-Bestellungen \u00fcber die App gelten (im Folgenden als \u201eOnline-Bestell-App\u201c oder die \u201eApp\u201c bezeichnet; die Anwendungen in der Online-Bestell-App des Kunden, um Bestellungen f\u00fcr verschiedene Produkte und \/oder Dienstleistungen aufzugeben (im Folgenden als \u201eProdukte\u201c und \/ oder \u201eDienstleistungen\u201c bezeichnet)).<\/p>\n\n\n\n<p>Die Online-Bestell-App ist Eigentum des Lizenzgebers der Lizenzvereinbarung, bez\u00fcglich der Verwendung der App zur Online-Bestellung und wird von diesem betrieben.<br>Ohne die Allgemeinheit dieser Allgemeinen Gesch\u00e4ftsbedingungen zu beeintr\u00e4chtigen und der Klarheit halber wird klargestellt, dass Sie auch die Lizenzvereinbarung bez\u00fcglich der Verwendung der App einhalten m\u00fcssen, um online bestellen zu k\u00f6nnen.<\/p>\n\n\n\n<p>Das Restaurant unternimmt alle erforderlichen Schritte, um sicherzustellen, dass die Informationen in Bezug auf die Online-Bestellung richtig und zuverl\u00e4ssig sind. Dies kann jedoch nicht unfehlbar sein und manchmal k\u00f6nnen Fehler auftreten. Sie sollten geeignete Schritte unternehmen, um alle Informationen im Zusammenhang mit der Online-Bestellung zu \u00fcberpr\u00fcfen, bevor Sie sie verwenden. Soweit dies nach geltendem Recht zul\u00e4ssig ist, lehnt das Restaurant jegliche ausdr\u00fcckliche oder stillschweigende Gew\u00e4hrleistung oder Zusicherung jeglicher Art in Bezug auf die Online-Bestellung ab, einschlie\u00dflich, jedoch nicht beschr\u00e4nkt auf die Verf\u00fcgbarkeit der Online-Bestellungs-App.<\/p>\n\n\n\n<p>Das Restaurant kann von Zeit zu Zeit die Informationen in Bezug auf die Online-Bestell-App und \/ oder den Bestellvorgang \u00fcberarbeiten und beh\u00e4lt sich das Recht vor, solche \u00c4nderungen vorzunehmen, ohne verpflichtet zu sein, fr\u00fchere, aktuelle oder potenzielle Kunden zu benachrichtigen. In keinem Fall haftet das Restaurant f\u00fcr indirekte, besondere, zuf\u00e4llige oder Folgesch\u00e4den, die sich aus der Verwendung der hierin enthaltenen Informationen und \/ oder im Zusammenhang mit dem Online-Bestellvorgang ergeben.<\/p>\n\n\n\n<p>Durch die Online-Bestellung erkennen Sie an und erkl\u00e4ren sich damit einverstanden, dass die Nutzung der Online-Bestell-App und \/ oder der Bestellvorg\u00e4nge auf eigenes Risiko geschieht und dass Wir in dem nach geltendem Recht maximal zul\u00e4ssigen Umfang unter keinen Umst\u00e4nden f\u00fcr direkte, indirekte oder zuf\u00e4llige Ereignisse haften, f\u00fcr Sonder-, Folge- oder Strafschadenersatz, Verluste, Ausgaben oder Aufwendungen sowie f\u00fcr entgangenen Gewinn, der sich aus der Nutzung oder Unf\u00e4higkeit zur Nutzung dieser Online-Bestellung und \/ oder einer App und \/ oder eines Materials auf einer mit dieser Online-Website verkn\u00fcpften Website ergibt (einschlie\u00dflich, aber nicht beschr\u00e4nkt auf Viren oder andere Fehler oder Defekte oder Fehler bei der Rechner\u00fcbertragung oder Netzwerkkommunikation), auch wenn Wir auf die M\u00f6glichkeit eines solchen Schadens hingewiesen wurden. Dar\u00fcber hinaus k\u00f6nnen Wir keine Haftung f\u00fcr \u00c4nderungen \u00fcbernehmen, die von nicht autorisierten Dritten am Inhalt der Online-Bestell-App und \/ oder des Bestellvorganges vorgenommen wurden. Alle ausdr\u00fccklichen oder stillschweigenden Garantien oder Zusicherungen sind im maximal nach geltendem Recht zul\u00e4ssigen Umfang ausgeschlossen.<\/p>\n\n\n\n<p>Die Online-Bestell-App und \/ oder der Online-Bestellprozess k\u00f6nnen Inhalte, Informationen oder Links zu dritten Parteien oder der Websites Dritter enthalten. Das Restaurant haftet nicht f\u00fcr den Inhalt solcher Websites und auch nicht f\u00fcr den Inhalt von Werbung oder Sponsoring Dritter oder f\u00fcr die Einhaltung solcher Vorschriften. Der Zugriff auf die Links erfolgt auf eigenes Risiko des Benutzers. Das Restaurant gibt keine Zusicherungen oder Gew\u00e4hrleistungen hinsichtlich des Inhalts, der Vollst\u00e4ndigkeit oder Richtigkeit dieser Links oder der Websites ab, die mit dieser Online- Bestellungs-App verlinkt sind. Sie erkl\u00e4ren sich damit einverstanden, das Restaurant von jeglicher Haftung freizustellen, die sich aus der Verwendung von Informationen Dritter oder der Nutzung von Websites Dritter ergibt.<\/p>\n\n\n\n<p>Sofern nicht ausdr\u00fccklich anders angegeben, sind alle Informationen in Bezug auf die Online-Bestell-App (einschlie\u00dflich, jedoch nicht beschr\u00e4nkt auf die Bilder, Schaltfl\u00e4chen und Texte) Eigentum des Lizenzgebers und \/ oder k\u00f6nnen mit Genehmigung des Lizenzgebers der Lizenzvereinbarung in Bezug auf die Verwendung der App f\u00fcr Onlinebestellungen verwendet werden und darf ohne vorherige schriftliche Genehmigung in keiner Form und in keiner Weise elektronisch, mechanisch, fotokopiert, aufgezeichnet oder auf andere Weise kopiert, verteilt oder reproduziert oder \u00fcbertragen werden.<\/p>\n\n\n\n<p>Der Inhalt, der sich auf bestimmte Produkte (z. B. Lebensmittel), die Anordnung und das Textlayout der Online-Bestell-App und \/ oder des Bestellvorganges, die Marken und sonstige Inhalte bezieht, ist urheberrechtlich und gem\u00e4\u00df den geltenden gesetzlichen Bestimmungen gesch\u00fctzt und kann in keiner Weise ohne die ausdr\u00fcckliche schriftliche Genehmigung des Restaurants, verwendet werden.<br>Der Kunde erh\u00e4lt keine Lizenz oder Rechte in Bezug auf die Informationen im Zusammenhang mit der Online-Bestellung und \/ oder -App.<\/p>\n\n\n\n<p>Wenn Sie sich entscheiden, online \u00fcber die Online-Bestell-App zu bestellen, werden Sie m\u00f6glicherweise aufgefordert, die vollst\u00e4ndigen Kontaktdaten anzugeben und \/ oder ein Konto zu erstellen, und Sie m\u00fcssen m\u00f6glicherweise Cookies akzeptieren. Sie m\u00fcssen Ihre Daten vertraulich behandeln und d\u00fcrfen sie nicht an Dritte weitergeben. Das Restaurant beh\u00e4lt sich das Recht vor, die Nutzung der Online-Bestell-App und \/ oder des Bestellvorganges auszusetzen, wenn Sie gegen die Allgemeinen Gesch\u00e4ftsbedingungen versto\u00dfen.<\/p>\n\n\n\n<p>Sie nehmen zur Kenntnis und stimmen zu, dass alle Bestellungen als ausdr\u00fcckliche Absicht behandelt werden, die bezeichneten Produkte und \/ oder Dienstleistungen zu den vereinbarten Online-Preisen zu erwerben. Wir behandeln dies als verbindliches Angebot von Ihnen, solche Produkte und Dienstleistungen zu erwerben. \u00c4nderungen m\u00fcssen schriftlich erfolgen, da sie sonst f\u00fcr keine Partei bindend sind.<\/p>\n\n\n\n<p>Die Annahme einer Bestellung f\u00fcr Produkte und \/ oder Dienstleistungen liegt im alleinigen Ermessen des Restaurants. Unsere Annahme einer Bestellung erfolgt, wenn Sie eine Bildschirmnachricht und \/ oder eine E-Mail-Benachrichtigung und \/ oder eine SMS erhalten, die Ihre Bestellung best\u00e4tigt.<\/p>\n\n\n\n<p>Das Restaurant beh\u00e4lt sich das Recht vor, Dienstleistungen abzulehnen, den Zugriff auf die Online-Bestell-App zu beenden und \/ oder Inhalte zu bearbeiten, zu entfernen oder zu bearbeiten oder Ihre Bestellung (en) nach eigenem Ermessen und ohne vorherige Ank\u00fcndigung anzunehmen.<br>Die Online-Bestell-App des Restaurants darf nur von Personen \u00fcber achtzehn (18) Jahren oder dem gesetzlichen Mindestalter oder auf andere Weise unter Aufsicht eines Erwachsenen oder Erziehungsberechtigten verwendet werden.<\/p>\n\n\n\n<p>Alle Produkte und \/ oder Dienstleistungen, die \u00fcber die Online-Bestell-App bereitgestellt werden, erfolgen im \u201eIstzustand\u201c und \u201eaufgrund der Verf\u00fcgbarkeit\u201c. Das Restaurant schlie\u00dft Garantien, Bedingungen, Zusicherungen oder andere Bedingungen in Bezug auf die Online-Bestellung oder den Inhalt der darauf angezeigte Produkte ausdr\u00fccklich aus, ob ausgedr\u00fcckt oder stillschweigend, sofern nicht anders angegeben.<\/p>\n\n\n\n<p>Die Abbildungen der Produkte dienen nur zur Pr\u00e4sentation. Die bestellten Produkte k\u00f6nnen Unterschiede (z. B. Farbe, Form usw.) zu den auf der Website vorhandenen Fotos aufweisen. Das Restaurant haftet in keiner Weise, wenn die Beschreibung der Produkte nicht vollst\u00e4ndig ist.<\/p>\n\n\n\n<p>Lieferauftr\u00e4ge unterliegen au\u00dferdem: i) Ihrer Adresse, die in den definierten Lieferbereich des Restaurants sein muss; ii) Verf\u00fcgbarkeit des Online-Restaurants zur Annahme von Online-Bestellungen; iii) Ihre Bestellung kann einem Mindestbetrag pro Bestellung unterliegen;<br>Sie k\u00f6nnen mit einer der in unserem Checkout-Bildschirm aufgef\u00fchrten Methoden bezahlen. Bitte stellen Sie sicher, dass die benutzte Bankkarte zum Zeitpunkt Ihrer Bestellung g\u00fcltig ist, wenn Ihre Bestellung mit einer Kredit- oder Debitkarte aufgegeben wird. Das Restaurant kann keine R\u00fcckerstattung f\u00fcr die online bezahlten Bestellungen gew\u00e4hren. Kontaktieren Sie uns direkt, um Zahlungsstreitigkeiten oder R\u00fcckerstattungsanspr\u00fcche beizulegen.<\/p>\n\n\n\n<p>M\u00f6glicherweise werden Sie automatisch zu einer Online-Liste weitergeleitet, die sich auf den Service-Standort des Restaurants in Ihrer N\u00e4he bezieht. Bitte beachten Sie, dass die Preise, Mindestausgabenbeschr\u00e4nkungen und H\u00f6chstausgabenbeschr\u00e4nkungen von Ort zu Ort verschieden sind. Wenn Sie online bestellen, kann der berechnete Preis au\u00dferdem vom Preis f\u00fcr die Produkte abweichen, wenn diese im Gesch\u00e4ft oder telefonisch bestellt wurden.<\/p>\n\n\n\n<p>Die einmal aufgegebene Online-Bestellung kann weder \u00fcber die Website noch offline, indem Sie das Restaurant anrufen, ge\u00e4ndert oder storniert werden. Jedenfalls, wenn Sie Ihre Bestellung stornieren oder sich \u00fcber diese beschweren m\u00f6chten, wenden Sie sich bitte an Ihren \u00f6rtlichen Restaurant-Service-Standort. Einzelheiten dazu finden Sie in der Best\u00e4tigungs-E-Mail, die Sie bei Ihrer Bestellung erhalten haben. Wir werden pr\u00fcfen, wie wir Ihnen helfen k\u00f6nnen.<\/p>\n\n\n\n<p>Wir werden uns bem\u00fchen, Ihnen Ihre bestellten Produkte so nahe wie m\u00f6glich an Ihrer gew\u00fcnschten Liefer- \/ Abholzeit zur Verf\u00fcgung zu stellen, k\u00f6nnen jedoch die Lieferzeit nicht in allen F\u00e4llen garantieren. Die Lieferzeit kann aufgrund von schlechtem Wetter oder Verkehrsbedingungen beeintr\u00e4chtigt werden. Wir wollen die Sicherheit unserer Fahrer gew\u00e4hrleisten. Der Lieferservice ist in ausgew\u00e4hlten Gebieten aufgrund schlechten Wetters oder unvorhergesehener Umst\u00e4nde m\u00f6glicherweise vor\u00fcbergehend nicht verf\u00fcgbar.<\/p>\n\n\n\n<p>Der Kunde verpflichtet sich, die Lieferung der Produkte zum vereinbarten Zeitpunkt und Ort der Lieferung anzunehmen. Wenn Sie sich f\u00fcr die Lieferung der Produkte entschieden haben, liefert das Restaurant die Bestellung an den Haupteingang der Lieferadresse. Lieferungen an die Lieferadresse werden jedoch nur dann hineingetragen, wenn sowohl der Fahrer als auch Sie dem zustimmen. Wenn Sie nicht anwesend sind, um die Waren an der in Ihrer Bestellung angegebenen Adresse entgegenzunehmen, erstatten wir Ihnen den Preis f\u00fcr Ihre Bestellung nicht zur\u00fcck und berechnen Ihnen den vollen Betrag Ihrer Bestellung.<\/p>\n\n\n\n<p>Das Risiko f\u00fcr die Produkte geht mit der Lieferung auf den Kunden \u00fcber. Jeder Software-Service \/ jede Software wird auf eigenes Risiko verwendet und \/ oder heruntergeladen. Wenn Sie Zweifel an der Eignung des Software-Dienstes \/ der Software haben, die f\u00fcr Ihren Rechner verwendet und \/ oder heruntergeladen werden soll, wird empfohlen, dass Sie sich vor der Verwendung und \/ oder dem Herunterladen beraten lassen.<\/p>\n\n\n\n<p>Sie sind f\u00fcr die Wahrung der Vertraulichkeit Ihrer pers\u00f6nlichen Daten, Ihres Passworts und Ihrer Zahlungsdaten verantwortlich. Sie erkl\u00e4ren sich damit einverstanden, die volle Verantwortung f\u00fcr alle Ihre Handlungen im Zusammenhang mit der Online-Bestellung (Bewerbung) zu \u00fcbernehmen.<\/p>\n\n\n\n<p>Sie d\u00fcrfen Ihre Rechte unter diesen Gesch\u00e4ftsbedingungen nicht abtreten, unterlizenzieren oder anderweitig \u00fcbertragen. Sollte eine Bestimmung dieser Vereinbarung nichtig, rechtswidrig, ung\u00fcltig oder nicht anwendbar sein und \/ oder werden, so ber\u00fchrt dies nicht die G\u00fcltigkeit oder Anwendbarkeit der anderen Vertragsklauseln, die weiterhin in Kraft bleiben und rechtliche Auswirkungen haben, als ob die eine nichtige, rechtswidrige, ung\u00fcltige oder nicht anwendbare Klausel nicht Teil dieser Vereinbarung w\u00e4re.<\/p>\n\n\n\n<p>Diese Allgemeinen Gesch\u00e4ftsbedingungen ber\u00fchren nicht Ihre gesetzlichen Rechte.<\/p>\n\n\n\n<p>Die Restaurantmarken sowie die zugeh\u00f6rigen Marken anderer und zugeh\u00f6riges Eigentum sind nach nationalem und internationalem Recht vor dem Kopieren und Simulieren gesch\u00fctzt und d\u00fcrfen ohne die ausdr\u00fcckliche schriftliche Genehmigung des Restaurants nicht wiedergegeben oder kopiert werden.<\/p>\n\n\n\n<p>Soweit gesetzlich zul\u00e4ssig, schlie\u00dft das Restaurant jegliche Haftung aus, die sich aus der Lieferung der Produkte ergibt, und haftet insbesondere nicht f\u00fcr Verluste oder Sch\u00e4den, die direkt oder indirekt aus oder im Zusammenhang mit Verz\u00f6gerungen entstehen, die \u00fcber die gesch\u00e4tzte Lieferungs- oder Abholzeit hinausgehen; Umst\u00e4nde, \u00fcber dien das Restaurant keine Kontrolle \u00fcber die Folgen hatte und die das Restaurant durch angemessene Sorgfalt nicht vermeiden konnte, oder indirekte oder unvorhersehbare Verluste, die dem Kunden oder anderen entstehen. In jedem Fall darf die Haftung des Restaurants gegen\u00fcber dem Kunden den f\u00fcr die jeweiligen Produkte \/ und \/ oder Dienstleistungen berechneten Gesamtpreis nicht \u00fcberschreiten.<\/p>\n\n\n\n<p>Diese Allgemeinen Gesch\u00e4ftsbedingungen unterliegen den Gesetzen des Landes, in dem sich der Sitz des Restaurants und das Restaurant befinden, und werden in \u00dcbereinstimmung mit diesen ausgelegt. Alle Streitigkeiten, die sich aus oder im Zusammenhang mit diesen ergeben, werden von den zust\u00e4ndigen Gerichten des Landes f\u00fcr den Hauptsitz des Restaurants beigelegt, unter Ausschluss der M\u00f6glichkeit der Bezugnahme auf Kollisionsnormen.<\/p>\n","protected":false},"excerpt":{"rendered":"<p>Diese Allgemeinen Gesch\u00e4ftsbedingungen gelten f\u00fcr Online-Bestellungen von: Madame Dao Restaurant Madame Dao Restaurant Inhaber: Nguyen Thi Bich Dao Adresse: Hansastra\u00dfe 42, 14612 Falkensee \u00d6ffentliches Telefon: +49 3322127384 Men\u00fcw\u00e4hrung: EUR (im Folgenden als \u201eRestaurant\u201c oder \u201eWir\u201c oder \u201eUns\u201c bezeichnet)Diese Allgemeinen Gesch\u00e4ftsbedingungen gelten f\u00fcr Sie als Kunde f\u00fcr Online-Bestellungen (im Folgenden als \u201eSie\u201c oder \u201eBenutzer\u201c oder \u201eKunde\u201c [&hellip;]<\/p>\n","protected":false},"author":1,"featured_media":0,"parent":0,"menu_order":0,"comment_status":"closed","ping_status":"closed","template":"","meta":{"footnotes":""},"_links":{"self":[{"href":"https:\/\/madamedao.de\/index.php?rest_route=\/wp\/v2\/pages\/2449"}],"collection":[{"href":"https:\/\/madamedao.de\/index.php?rest_route=\/wp\/v2\/pages"}],"about":[{"href":"https:\/\/madamedao.de\/index.php?rest_route=\/wp\/v2\/types\/page"}],"author":[{"embeddable":true,"href":"https:\/\/madamedao.de\/index.php?rest_route=\/wp\/v2\/users\/1"}],"replies":[{"embeddable":true,"href":"https:\/\/madamedao.de\/index.php?rest_route=%2Fwp%2Fv2%2Fcomments&post=2449"}],"version-history":[{"count":1,"href":"https:\/\/madamedao.de\/index.php?rest_route=\/wp\/v2\/pages\/2449\/revisions"}],"predecessor-version":[{"id":2450,"href":"https:\/\/madamedao.de\/index.php?rest_route=\/wp\/v2\/pages\/2449\/revisions\/2450"}],"wp:attachment":[{"href":"https:\/\/madamedao.de\/index.php?rest_route=%2Fwp%2Fv2%2Fmedia&parent=2449"}],"curies":[{"name":"wp","href":"https:\/\/api.w.org\/{rel}","templated":true}]}}